{"id":1962,"date":"2016-04-28T17:26:34","date_gmt":"2016-04-28T16:26:34","guid":{"rendered":"https:\/\/larcaveterinaria.panelserver.org\/la-clinica\/"},"modified":"2022-01-25T17:51:53","modified_gmt":"2022-01-25T16:51:53","slug":"la-clinica","status":"publish","type":"page","link":"https:\/\/larcaveterinaria.com\/ca\/la-clinica\/","title":{"rendered":"La Cl\u00ednica"},"content":{"rendered":"<p>[vc_row type=&#8221;vc_default&#8221; css=&#8221;.vc_custom_1474222724005{padding-bottom: 50px !important;}&#8221;][vc_column css_animation=&#8221;fadeInLeft&#8221; width=&#8221;1\/2&#8243; css=&#8221;.vc_custom_1562849093060{padding-bottom: 30px !important;}&#8221;]<div id=\"ultimate-heading-121369f37e8683f85\" class=\"uvc-heading ult-adjust-bottom-margin ultimate-heading-121369f37e8683f85 uvc-4325  uvc-heading-default-font-sizes\" data-hspacer=\"no_spacer\"  data-halign=\"left\" style=\"text-align:left\"><div class=\"uvc-heading-spacer no_spacer\" style=\"top\"><\/div><div class=\"uvc-main-heading ult-responsive\"  data-ultimate-target='.uvc-heading.ultimate-heading-121369f37e8683f85 h2'  data-responsive-json-new='{\"font-size\":\"\",\"line-height\":\"\"}' ><h2 style=\"font-weight:bold;margin-bottom:20px;\">L'Arca<\/h2><\/div><\/div>[vc_column_text css=&#8221;.vc_custom_1643129500649{margin-bottom: 30px !important;}&#8221;]<em>Cl\u00ednica Veterin\u00e0ria L&#8217;Arca<\/em> som un grup d&#8217;amants dels animals que, des de fa m\u00e9s de vint anys, ens dediquem a la salut, el benestar i l&#8217;educaci\u00f3 de gossos i gats.<\/p>\n<p>Disposem de botiga d&#8217;alimentaci\u00f3 especialitzada i complements. A m\u00e9s, comptem amb equip de radiologia i ecografia, quir\u00f2fan, laboratori i hospitalitzaci\u00f3 separada per a gossos i gats. En la nostra cl\u00ednica, tamb\u00e9 trobar\u00e0s sales d&#8217;espera diferenciades per a gossos i gats, consulta felina i una aula per a realitzar formaci\u00f3 per als cuidadors.[\/vc_column_text][vc_row_inner][vc_column_inner][vc_hoverbox image=&#8221;4020&#8243; primary_title=&#8221;&#8221; hover_title=&#8221;Cl\u00ednica &#8216;Cat Friendly'&#8221;]El 2020 ens vam convertir en la primera cl\u00ednica veterin\u00e0ria de la demarcaci\u00f3 de Lleida acreditada &#8216;Cat Friendly&#8217; per la International Society of Feline Medicine (ISFM).<\/p>\n<p>\u2018Cat Friendly Clinics\u2019 \u00e9s un programa a escala mundial desenvolupat per la ISFM, la divisi\u00f3 veterin\u00e0ria de l\u2019organitzaci\u00f3 ben\u00e8fica defensora dels gats International Cat Care.[\/vc_hoverbox][\/vc_column_inner][\/vc_row_inner][\/vc_column][vc_column css_animation=&#8221;fadeInRight&#8221; width=&#8221;1\/2&#8243; css=&#8221;.vc_custom_1562849101360{padding-bottom: 30px !important;}&#8221; offset=&#8221;vc_hidden-xs&#8221;][vc_single_image image=&#8221;1415&#8243; img_size=&#8221;full&#8221;][\/vc_column][\/vc_row][vc_row full_width=&#8221;stretch_row&#8221; equal_height=&#8221;yes&#8221; content_placement=&#8221;middle&#8221; css_animation=&#8221;none&#8221; type=&#8221;vc_default&#8221; css=&#8221;.vc_custom_1564126918938{margin-bottom: -80px !important;padding-top: 40px !important;padding-bottom: 40px !important;background-color: #dd9e72 !important;}&#8221;][vc_column offset=&#8221;vc_col-lg-8 vc_col-md-8 vc_col-xs-12&#8243;]<div id=\"ultimate-heading-653669f37e8683fee\" class=\"uvc-heading ult-adjust-bottom-margin ultimate-heading-653669f37e8683fee uvc-4548 \" data-hspacer=\"no_spacer\"  data-halign=\"left\" style=\"text-align:left\"><div class=\"uvc-heading-spacer no_spacer\" style=\"top\"><\/div><div class=\"uvc-main-heading ult-responsive\"  data-ultimate-target='.uvc-heading.ultimate-heading-653669f37e8683fee h2'  data-responsive-json-new='{\"font-size\":\"desktop:30px;\",\"line-height\":\"desktop:40px;\"}' ><h2 style=\"--font-weight:theme;color:#ffffff;margin-bottom:10px;\">Podem ajudar-te?<\/h2><\/div><\/div>[\/vc_column][vc_column offset=&#8221;vc_col-lg-4 vc_col-md-4 vc_col-xs-12&#8243;]<div class=\" vc_custom_1573554332637 ubtn-ctn-center \"><a class=\"ubtn-link ult-adjust-bottom-margin ubtn-center ubtn-custom \" href=\"\/ca\/contacte\" ><button type=\"button\" id=\"ubtn-5627\"  class=\"ubtn ult-adjust-bottom-margin ult-responsive ubtn-custom ubtn-fade-bg  none  ubtn-center   tooltip-69f37e868404f\"  data-hover=\"#dd9e72\" data-border-color=\"rgba(255,255,255,0.4)\" data-bg=\"rgba(255,255,255,0.01)\" data-hover-bg=\"#ffffff\" data-border-hover=\"#ffffff\" data-shadow-hover=\"\" data-shadow-click=\"none\" data-shadow=\"\" data-shd-shadow=\"\"  data-ultimate-target='#ubtn-5627'  data-responsive-json-new='{\"font-size\":\"desktop:20px;\",\"line-height\":\"desktop:20px;\"}'  style=\"font-family:&#039;Montserrat&#039;;font-weight:700;width:px;min-height:36px;padding:15px 25px;border-radius:0px;border-width:4px;border-color:rgba(255,255,255,0.4);border-style:solid;background: rgba(255,255,255,0.01);color: #ffffff;\"><span class=\"ubtn-hover\" style=\"background-color:#ffffff\"><\/span><span class=\"ubtn-data ubtn-text \" >Contacta&#039;ns!<\/span><\/button><\/a><\/div>[\/vc_column][\/vc_row]<\/p>\n","protected":false},"excerpt":{"rendered":"<p>[vc_row type=&#8221;vc_default&#8221; css=&#8221;.vc_custom_1474222724005{padding-bottom: 50px !important;}&#8221;][vc_column css_animation=&#8221;fadeInLeft&#8221; width=&#8221;1\/2&#8243; css=&#8221;.vc_custom_1562849093060{padding-bottom: 30px !important;}&#8221;][vc_column_text css=&#8221;.vc_custom_1643129500649{margin-bottom: 30px !important;}&#8221;]Cl\u00ednica Veterin\u00e0ria L&#8217;Arca som un grup d&#8217;amants dels animals que, des de fa m\u00e9s de vint anys, ens dediquem a la salut, el benestar i l&#8217;educaci\u00f3 de gossos i gats. Disposem de botiga d&#8217;alimentaci\u00f3 especialitzada i complements. A m\u00e9s, comptem amb equip de&hellip;<\/p>\n","protected":false},"author":1,"featured_media":0,"parent":0,"menu_order":1,"comment_status":"closed","ping_status":"closed","template":"","meta":{"_monsterinsights_skip_tracking":false,"_monsterinsights_sitenote_active":false,"_monsterinsights_sitenote_note":"","_monsterinsights_sitenote_category":0},"yoast_head":"<!-- This site is optimized with the Yoast SEO plugin v16.7 - https:\/\/yoast.com\/wordpress\/plugins\/seo\/ -->\n<title>La Cl\u00ednica - L&#039;Arca Cl\u00ednica Veterin\u00e0ria Lleida<\/title>\n<meta name=\"robots\" content=\"index, follow, max-snippet:-1, max-image-preview:large, max-video-preview:-1\" \/>\n<link rel=\"canonical\" href=\"https:\/\/larcaveterinaria.com\/ca\/la-clinica\/\" \/>\n<meta property=\"og:locale\" content=\"ca_ES\" \/>\n<meta property=\"og:type\" content=\"article\" \/>\n<meta property=\"og:title\" content=\"La Cl\u00ednica - L&#039;Arca Cl\u00ednica Veterin\u00e0ria Lleida\" \/>\n<meta property=\"og:description\" content=\"[vc_row type=&#8221;vc_default&#8221; css=&#8221;.vc_custom_1474222724005{padding-bottom: 50px !important;}&#8221;][vc_column css_animation=&#8221;fadeInLeft&#8221; width=&#8221;1\/2&#8243; css=&#8221;.vc_custom_1562849093060{padding-bottom: 30px !important;}&#8221;][vc_column_text css=&#8221;.vc_custom_1643129500649{margin-bottom: 30px !important;}&#8221;]Cl\u00ednica Veterin\u00e0ria L&#8217;Arca som un grup d&#8217;amants dels animals que, des de fa m\u00e9s de vint anys, ens dediquem a la salut, el benestar i l&#8217;educaci\u00f3 de gossos i gats. Disposem de botiga d&#8217;alimentaci\u00f3 especialitzada i complements. A m\u00e9s, comptem amb equip de&hellip;\" \/>\n<meta property=\"og:url\" content=\"https:\/\/larcaveterinaria.com\/ca\/la-clinica\/\" \/>\n<meta property=\"og:site_name\" content=\"L&#039;Arca Cl\u00ednica Veterin\u00e0ria Lleida\" \/>\n<meta property=\"article:modified_time\" content=\"2022-01-25T16:51:53+00:00\" \/>\n<meta name=\"twitter:card\" content=\"summary_large_image\" \/>\n<meta name=\"twitter:label1\" content=\"Temps estimat de lectura\" \/>\n\t<meta name=\"twitter:data1\" content=\"1 minut\" \/>\n<script type=\"application\/ld+json\" class=\"yoast-schema-graph\">{\"@context\":\"https:\/\/schema.org\",\"@graph\":[{\"@type\":\"WebSite\",\"@id\":\"https:\/\/larcaveterinaria.com\/#website\",\"url\":\"https:\/\/larcaveterinaria.com\/\",\"name\":\"L&#039;Arca Cl\\u00ednica Veterin\\u00e0ria Lleida\",\"description\":\"Just another WordPress site\",\"potentialAction\":[{\"@type\":\"SearchAction\",\"target\":{\"@type\":\"EntryPoint\",\"urlTemplate\":\"https:\/\/larcaveterinaria.com\/?s={search_term_string}\"},\"query-input\":\"required name=search_term_string\"}],\"inLanguage\":\"ca\"},{\"@type\":\"WebPage\",\"@id\":\"https:\/\/larcaveterinaria.com\/ca\/la-clinica\/#webpage\",\"url\":\"https:\/\/larcaveterinaria.com\/ca\/la-clinica\/\",\"name\":\"La Cl\\u00ednica - L&#039;Arca Cl\\u00ednica Veterin\\u00e0ria Lleida\",\"isPartOf\":{\"@id\":\"https:\/\/larcaveterinaria.com\/#website\"},\"datePublished\":\"2016-04-28T16:26:34+00:00\",\"dateModified\":\"2022-01-25T16:51:53+00:00\",\"breadcrumb\":{\"@id\":\"https:\/\/larcaveterinaria.com\/ca\/la-clinica\/#breadcrumb\"},\"inLanguage\":\"ca\",\"potentialAction\":[{\"@type\":\"ReadAction\",\"target\":[\"https:\/\/larcaveterinaria.com\/ca\/la-clinica\/\"]}]},{\"@type\":\"BreadcrumbList\",\"@id\":\"https:\/\/larcaveterinaria.com\/ca\/la-clinica\/#breadcrumb\",\"itemListElement\":[{\"@type\":\"ListItem\",\"position\":1,\"name\":\"Home\",\"item\":\"https:\/\/larcaveterinaria.com\/ca\/\"},{\"@type\":\"ListItem\",\"position\":2,\"name\":\"La Cl\\u00ednica\"}]}]}<\/script>\n<!-- \/ Yoast SEO plugin. -->","yoast_head_json":{"title":"La Cl\u00ednica - L&#039;Arca Cl\u00ednica Veterin\u00e0ria Lleida","robots":{"index":"index","follow":"follow","max-snippet":"max-snippet:-1","max-image-preview":"max-image-preview:large","max-video-preview":"max-video-preview:-1"},"canonical":"https:\/\/larcaveterinaria.com\/ca\/la-clinica\/","og_locale":"ca_ES","og_type":"article","og_title":"La Cl\u00ednica - L&#039;Arca Cl\u00ednica Veterin\u00e0ria Lleida","og_description":"[vc_row type=&#8221;vc_default&#8221; css=&#8221;.vc_custom_1474222724005{padding-bottom: 50px !important;}&#8221;][vc_column css_animation=&#8221;fadeInLeft&#8221; width=&#8221;1\/2&#8243; css=&#8221;.vc_custom_1562849093060{padding-bottom: 30px !important;}&#8221;][vc_column_text css=&#8221;.vc_custom_1643129500649{margin-bottom: 30px !important;}&#8221;]Cl\u00ednica Veterin\u00e0ria L&#8217;Arca som un grup d&#8217;amants dels animals que, des de fa m\u00e9s de vint anys, ens dediquem a la salut, el benestar i l&#8217;educaci\u00f3 de gossos i gats. Disposem de botiga d&#8217;alimentaci\u00f3 especialitzada i complements. A m\u00e9s, comptem amb equip de&hellip;","og_url":"https:\/\/larcaveterinaria.com\/ca\/la-clinica\/","og_site_name":"L&#039;Arca Cl\u00ednica Veterin\u00e0ria Lleida","article_modified_time":"2022-01-25T16:51:53+00:00","twitter_card":"summary_large_image","twitter_misc":{"Temps estimat de lectura":"1 minut"},"schema":{"@context":"https:\/\/schema.org","@graph":[{"@type":"WebSite","@id":"https:\/\/larcaveterinaria.com\/#website","url":"https:\/\/larcaveterinaria.com\/","name":"L&#039;Arca Cl\u00ednica Veterin\u00e0ria Lleida","description":"Just another WordPress site","potentialAction":[{"@type":"SearchAction","target":{"@type":"EntryPoint","urlTemplate":"https:\/\/larcaveterinaria.com\/?s={search_term_string}"},"query-input":"required name=search_term_string"}],"inLanguage":"ca"},{"@type":"WebPage","@id":"https:\/\/larcaveterinaria.com\/ca\/la-clinica\/#webpage","url":"https:\/\/larcaveterinaria.com\/ca\/la-clinica\/","name":"La Cl\u00ednica - L&#039;Arca Cl\u00ednica Veterin\u00e0ria Lleida","isPartOf":{"@id":"https:\/\/larcaveterinaria.com\/#website"},"datePublished":"2016-04-28T16:26:34+00:00","dateModified":"2022-01-25T16:51:53+00:00","breadcrumb":{"@id":"https:\/\/larcaveterinaria.com\/ca\/la-clinica\/#breadcrumb"},"inLanguage":"ca","potentialAction":[{"@type":"ReadAction","target":["https:\/\/larcaveterinaria.com\/ca\/la-clinica\/"]}]},{"@type":"BreadcrumbList","@id":"https:\/\/larcaveterinaria.com\/ca\/la-clinica\/#breadcrumb","itemListElement":[{"@type":"ListItem","position":1,"name":"Home","item":"https:\/\/larcaveterinaria.com\/ca\/"},{"@type":"ListItem","position":2,"name":"La Cl\u00ednica"}]}]}},"_links":{"self":[{"href":"https:\/\/larcaveterinaria.com\/ca\/wp-json\/wp\/v2\/pages\/1962"}],"collection":[{"href":"https:\/\/larcaveterinaria.com\/ca\/wp-json\/wp\/v2\/pages"}],"about":[{"href":"https:\/\/larcaveterinaria.com\/ca\/wp-json\/wp\/v2\/types\/page"}],"author":[{"embeddable":true,"href":"https:\/\/larcaveterinaria.com\/ca\/wp-json\/wp\/v2\/users\/1"}],"replies":[{"embeddable":true,"href":"https:\/\/larcaveterinaria.com\/ca\/wp-json\/wp\/v2\/comments?post=1962"}],"version-history":[{"count":20,"href":"https:\/\/larcaveterinaria.com\/ca\/wp-json\/wp\/v2\/pages\/1962\/revisions"}],"predecessor-version":[{"id":4032,"href":"https:\/\/larcaveterinaria.com\/ca\/wp-json\/wp\/v2\/pages\/1962\/revisions\/4032"}],"wp:attachment":[{"href":"https:\/\/larcaveterinaria.com\/ca\/wp-json\/wp\/v2\/media?parent=1962"}],"curies":[{"name":"wp","href":"https:\/\/api.w.org\/{rel}","templated":true}]}}